{"id":1145,"date":"2022-05-24T10:05:20","date_gmt":"2022-05-24T08:05:20","guid":{"rendered":"https:\/\/konkurs-instytut-biologii.sarp.warszawa.pl\/?page_id=1145"},"modified":"2022-05-24T10:16:55","modified_gmt":"2022-05-24T08:16:55","slug":"o-konkursie","status":"publish","type":"page","link":"https:\/\/konkurs-instytut-biologii.sarp.warszawa.pl\/?page_id=1145","title":{"rendered":"O konkursie"},"content":{"rendered":"\n<p><strong>Mi\u0119dzynarodowy Instytut Biologii Molekularnej i Kom\u00f3rkowej w Warszawie oraz Oddzia\u0142 Warszawski Stowarzyszenia Architekt\u00f3w Polskich zapraszaj\u0105 do udzia\u0142u w dwuetapowym realizacyjnym konkursie architektonicznym na koncepcj\u0119 nowej siedziby Mi\u0119dzynarodowego Instytutu Biologii Molekularnej i Kom\u00f3rkowej w Warszawie.<\/strong><\/p>\n\n\n\n<p>Konkurs jest konkursem realizacyjnym, tzn. w kt\u00f3rym Nagrodami s\u0105 nagrody pieni\u0119\u017cne<br>oraz zaproszenie autora (Uczestnika konkursu) wybranej pracy konkursowej do negocjacji w trybie zam\u00f3wienia z wolnej r\u0119ki, w celu wykonania us\u0142ugi na podstawie Pracy konkursowej. Przedmiot us\u0142ugi zosta\u0142 opisany w Istotnych postanowieniach umowy stanowi\u0105cych Za\u0142\u0105cznik nr 1 do Regulaminu.<\/p>\n\n\n\n<p>Celem Konkursu jest uzyskanie najlepszej pod wzgl\u0119dem architektonicznym, przestrzennym i funkcjonalno\u2013u\u017cytkowym koncepcji architektonicznej nowej siedziby Mi\u0119dzynarodowego Instytutu Biologii Molekularnej i Kom\u00f3rkowej w Warszawie wraz z zagospodarowaniem terenu, w obszarze wskazanym w Za\u0142\u0105czniku nr 7a jako zakres opracowania konkursowego.<\/p>\n\n\n\n<p>Przedmiotem konkursu jest wykonanie koncepcji architektonicznej nowej siedziby Mi\u0119dzynarodowego Instytutu Biologii Molekularnej i Kom\u00f3rkowej w Warszawie oraz sp\u00f3jnej, ca\u0142o\u015bciowej koncepcji zagospodarowania terenu obj\u0119tego opracowaniem konkursowym zgodnie z granicami oznaczonymi w Za\u0142\u0105czniku nr 7a do Regulaminu.<br>Obiekt zlokalizowany zostanie na niezabudowanej dzia\u0142ce przy ul. Marcina Flisa w dzielnicy W\u0142ochy (Rak\u00f3w) w Warszawie. Teren inwestycji kubaturowej obejmie dzia\u0142ki o nr: 63\/3 48\/2, 11\/7 i 62\/8 w obr\u0119bie 2-05-05. Inwestycja zak\u0142ada realizacj\u0119 budynku laboratoryjno-biurowego. Teren inwestycji r\u00f3wnoznaczny z zasi\u0119giem oddzia\u0142ywania obiektu zgodnie z Decyzj\u0105 Nr 86\/W\u0141O\/21 o warunkach zabudowy przeznaczony jest pod kubatur\u0119 oraz stanowi obszar o wielko\u015bci ok. 11 827 m2.<br>Teren planowanej inwestycji obecnie nie przylega bezpo\u015brednio do drogi publicznej.<br>Dzia\u0142ka posiada dost\u0119p do drogi gminnej ulicy Flisa za po\u015brednictwem s\u0142u\u017cebno\u015bci przej\u015bcia i przejazdu na cz\u0119\u015bciach dzia\u0142ek o nr ew. 60, 61\/1, 61\/2, 62\/7 z obr\u0119bu 2-05-05, za po\u015brednictwem istniej\u0105cego zjazdu na teren USC Wydzia\u0142u Archiwalnych Ksi\u0105g Stanu Cywilnego<br>Teren inwestycji opisany powy\u017cej zgodnie z Decyzj\u0105 Nr 86\/W\u0141O\/21 o warunkach zabudowy przeznaczony jest pod wjazd i infrastruktur\u0119 oraz stanowi obszar o wielko\u015bci ok. 741 m2.<br>Ca\u0142y teren inwestycji (opracowania konkursowego) stanowi obszar o wielko\u015bci ok. 12 568 m2.<\/p>\n\n\n\n<p>W planowanym budynku funkcjonowa\u0107 b\u0119dzie ok. 20 grup badawczych, a tak\u017ce 7 Specjalistycznych Pracowni Aparaturowych (ang. core facilities) oferuj\u0105cych najnowocze\u015bniejsze metody i technologie badawcze oraz profesjonaln\u0105 ekspertyz\u0119 w ich stosowaniu.<\/p>\n","protected":false},"excerpt":{"rendered":"<p>Mi\u0119dzynarodowy Instytut Biologii Molekularnej i Kom\u00f3rkowej w Warszawie oraz Oddzia\u0142 Warszawski Stowarzyszenia Architekt\u00f3w Polskich zapraszaj\u0105 do udzia\u0142u w dwuetapowym realizacyjnym konkursie architektonicznym na koncepcj\u0119 nowej siedziby Mi\u0119dzynarodowego Instytutu Biologii Molekularnej i Kom\u00f3rkowej w Warszawie. Konkurs jest konkursem realizacyjnym, tzn. w<span class=\"ellipsis\">&hellip;<\/span><\/p>\n<div class=\"read-more\"><a href=\"https:\/\/konkurs-instytut-biologii.sarp.warszawa.pl\/?page_id=1145\">Czytaj wi\u0119cej <span class=\"screen-reader-text\">O konkursie<\/span><span class=\"meta-nav\"> &#8250;<\/span><\/a><\/div>\n<p><!-- end of .read-more --><\/p>\n","protected":false},"author":1,"featured_media":0,"parent":0,"menu_order":0,"comment_status":"closed","ping_status":"closed","template":"","meta":{"footnotes":""},"class_list":["post-1145","page","type-page","status-publish","hentry"],"_links":{"self":[{"href":"https:\/\/konkurs-instytut-biologii.sarp.warszawa.pl\/index.php?rest_route=\/wp\/v2\/pages\/1145","targetHints":{"allow":["GET"]}}],"collection":[{"href":"https:\/\/konkurs-instytut-biologii.sarp.warszawa.pl\/index.php?rest_route=\/wp\/v2\/pages"}],"about":[{"href":"https:\/\/konkurs-instytut-biologii.sarp.warszawa.pl\/index.php?rest_route=\/wp\/v2\/types\/page"}],"author":[{"embeddable":true,"href":"https:\/\/konkurs-instytut-biologii.sarp.warszawa.pl\/index.php?rest_route=\/wp\/v2\/users\/1"}],"replies":[{"embeddable":true,"href":"https:\/\/konkurs-instytut-biologii.sarp.warszawa.pl\/index.php?rest_route=%2Fwp%2Fv2%2Fcomments&post=1145"}],"version-history":[{"count":1,"href":"https:\/\/konkurs-instytut-biologii.sarp.warszawa.pl\/index.php?rest_route=\/wp\/v2\/pages\/1145\/revisions"}],"predecessor-version":[{"id":1146,"href":"https:\/\/konkurs-instytut-biologii.sarp.warszawa.pl\/index.php?rest_route=\/wp\/v2\/pages\/1145\/revisions\/1146"}],"wp:attachment":[{"href":"https:\/\/konkurs-instytut-biologii.sarp.warszawa.pl\/index.php?rest_route=%2Fwp%2Fv2%2Fmedia&parent=1145"}],"curies":[{"name":"wp","href":"https:\/\/api.w.org\/{rel}","templated":true}]}}