{"id":1147,"date":"2022-05-24T10:22:24","date_gmt":"2022-05-24T08:22:24","guid":{"rendered":"https:\/\/konkurs-instytut-biologii.sarp.warszawa.pl\/?page_id=1147"},"modified":"2022-05-24T10:22:25","modified_gmt":"2022-05-24T08:22:25","slug":"platforma-komunikacji-elektronicznej","status":"publish","type":"page","link":"https:\/\/konkurs-instytut-biologii.sarp.warszawa.pl\/?page_id=1147","title":{"rendered":"Platforma komunikacji elektronicznej"},"content":{"rendered":"\n<p>Komunikacja w Konkursie, w tym:<br>\u2013 sk\u0142adanie wniosk\u00f3w o dopuszczenie do udzia\u0142u w Konkursie,<br>\u2013 sk\u0142adanie podmiotowych \u015brodk\u00f3w dowodowych, o\u015bwiadcze\u0144 i dokument\u00f3w,<br>\u2013 sk\u0142adanie wniosk\u00f3w o wyja\u015bnienie tre\u015bci Regulaminu konkursu (zadawanie pyta\u0144 do tre\u015bci Regulaminu konkursu),<br>\u2013 sk\u0142adanie Opracowa\u0144 studialnych,<br>\u2013 sk\u0142adnie Prac konkursowych,<br>\u2013 wymiana informacji mi\u0119dzy Zamawiaj\u0105cym a Uczestnikami konkursu,<br>\u2013 przekazywanie dokument\u00f3w lub o\u015bwiadcze\u0144 mi\u0119dzy Zamawiaj\u0105cym a Uczestnikami konkursu<br>odbywa si\u0119 wy\u0142\u0105cznie przy u\u017cyciu \u015brodka komunikacji elektronicznej jakim jest Platforma komunikacji elektronicznej, z uwzgl\u0119dnieniem dodatkowych wymaga\u0144 dotycz\u0105cych Opracowa\u0144 stadialnych i Prac konkursowych, o kt\u00f3rych mowa w Rozdziale IV pkt 3.1. lit. b. oraz Rozdziale VI pkt 3.1. lit. b.<\/p>\n\n\n\n<p><strong>Elektroniczna Platforma Konkursowa (EPK) dost\u0119pna jest pod adresem <a href=\"https:\/\/epk.sarp.pl\" target=\"_blank\" rel=\"noreferrer noopener\">https:\/\/epk.sarp.pl<\/a><\/strong><\/p>\n\n\n\n<p>Ka\u017cdy podmiot zainteresowany udzia\u0142em w Konkursie musi zarejestrowa\u0107 si\u0119 na Elektronicznej Platformie Konkursowej.<\/p>\n\n\n\n<p>UWAGA:<\/p>\n\n\n\n<ol class=\"wp-block-list\"><li>Informacje o wymaganiach technicznych i organizacyjnych sporz\u0105dzania, wysy\u0142ania i odbierania plik\u00f3w w komunikacji elektronicznej poprzez EPK znajduje si\u0119 w dokumencie o nazwie: \u201eRegulamin _ Platforma ZETO PZP EPK\u201d<br>Dokument dost\u0119pny jest na stronie Platformy (<a href=\"https:\/\/epk.sarp.pl\" target=\"_blank\" rel=\"noreferrer noopener\">https:\/\/epk.sarp.pl<\/a>) w zak\u0142adce \u201ePomoc\u201d<br>Uczestnik konkursu ma obowi\u0105zek zapoznania si\u0119 niniejszym Regulaminem<\/li><li>Instrukcja obs\u0142ugi EPK w tym spos\u00f3b sk\u0142adania wszelkich dokument\u00f3w elektronicznych oraz innych informacji (w tym pyta\u0144 do Organizatora) poprzez EPK znajduje si\u0119 w dokumencie o nazwie: \u201eEPK \u2013 Instrukcja dla Uczestnika\u201d.<br>Dokument dost\u0119pny jest na stronie EPK (<a href=\"https:\/\/epk.sarp.pl\" target=\"_blank\" rel=\"noreferrer noopener\">https:\/\/epk.sarp.pl<\/a>) w zak\u0142adce \u201ePomoc\u201d.<br>Uczestnik konkursu ma obowi\u0105zek zapoznania si\u0119 niniejsz\u0105 Instrukcj\u0105.<\/li><\/ol>\n","protected":false},"excerpt":{"rendered":"<p>Komunikacja w Konkursie, w tym:\u2013 sk\u0142adanie wniosk\u00f3w o dopuszczenie do udzia\u0142u w Konkursie,\u2013 sk\u0142adanie podmiotowych \u015brodk\u00f3w dowodowych, o\u015bwiadcze\u0144 i dokument\u00f3w,\u2013 sk\u0142adanie wniosk\u00f3w o wyja\u015bnienie tre\u015bci Regulaminu konkursu (zadawanie pyta\u0144 do tre\u015bci Regulaminu konkursu),\u2013 sk\u0142adanie Opracowa\u0144 studialnych,\u2013 sk\u0142adnie Prac konkursowych,\u2013 wymiana<span class=\"ellipsis\">&hellip;<\/span><\/p>\n<div class=\"read-more\"><a href=\"https:\/\/konkurs-instytut-biologii.sarp.warszawa.pl\/?page_id=1147\">Czytaj wi\u0119cej <span class=\"screen-reader-text\">Platforma komunikacji elektronicznej<\/span><span class=\"meta-nav\"> &#8250;<\/span><\/a><\/div>\n<p><!-- end of .read-more --><\/p>\n","protected":false},"author":1,"featured_media":0,"parent":0,"menu_order":0,"comment_status":"closed","ping_status":"closed","template":"","meta":{"footnotes":""},"class_list":["post-1147","page","type-page","status-publish","hentry"],"_links":{"self":[{"href":"https:\/\/konkurs-instytut-biologii.sarp.warszawa.pl\/index.php?rest_route=\/wp\/v2\/pages\/1147","targetHints":{"allow":["GET"]}}],"collection":[{"href":"https:\/\/konkurs-instytut-biologii.sarp.warszawa.pl\/index.php?rest_route=\/wp\/v2\/pages"}],"about":[{"href":"https:\/\/konkurs-instytut-biologii.sarp.warszawa.pl\/index.php?rest_route=\/wp\/v2\/types\/page"}],"author":[{"embeddable":true,"href":"https:\/\/konkurs-instytut-biologii.sarp.warszawa.pl\/index.php?rest_route=\/wp\/v2\/users\/1"}],"replies":[{"embeddable":true,"href":"https:\/\/konkurs-instytut-biologii.sarp.warszawa.pl\/index.php?rest_route=%2Fwp%2Fv2%2Fcomments&post=1147"}],"version-history":[{"count":1,"href":"https:\/\/konkurs-instytut-biologii.sarp.warszawa.pl\/index.php?rest_route=\/wp\/v2\/pages\/1147\/revisions"}],"predecessor-version":[{"id":1148,"href":"https:\/\/konkurs-instytut-biologii.sarp.warszawa.pl\/index.php?rest_route=\/wp\/v2\/pages\/1147\/revisions\/1148"}],"wp:attachment":[{"href":"https:\/\/konkurs-instytut-biologii.sarp.warszawa.pl\/index.php?rest_route=%2Fwp%2Fv2%2Fmedia&parent=1147"}],"curies":[{"name":"wp","href":"https:\/\/api.w.org\/{rel}","templated":true}]}}