{"id":1151,"date":"2022-05-24T10:27:04","date_gmt":"2022-05-24T08:27:04","guid":{"rendered":"https:\/\/konkurs-instytut-biologii.sarp.warszawa.pl\/?page_id=1151"},"modified":"2022-05-24T10:39:30","modified_gmt":"2022-05-24T08:39:30","slug":"harmonogram","status":"publish","type":"page","link":"https:\/\/konkurs-instytut-biologii.sarp.warszawa.pl\/?page_id=1151","title":{"rendered":"Harmonogram"},"content":{"rendered":"\n<figure class=\"wp-block-table\"><table><tbody><tr><td><strong>ETAP I KONKUSU<\/strong><\/td><\/tr><tr><td><strong>4.1.<\/strong><\/td><td><strong><u>OG\u0141OSZENIE KONKURSU<\/u><\/strong><br>Og\u0142oszenie o konkursie zosta\u0142o przekazane Urz\u0119dowi Publikacji Unii Europejskiej.<\/td><td><strong>23.05.2022<\/strong><\/td><\/tr><tr><td><strong>4.2.<\/strong><\/td><td><strong><u>WNIOSKI O WYJA\u015aNIENIE TRE\u015aCI REGULAMINU (TURA 1)<\/u><\/strong><br>Ostateczny termin sk\u0142adania poprzez Elektroniczn\u0105 Platform\u0119 Konkursow\u0105 wniosk\u00f3w o wyja\u015bnienie tre\u015bci Regulaminu konkursu dotycz\u0105cych w szczeg\u00f3lno\u015bci wniosk\u00f3w o dopuszczenie. \u00a0 Organizator udzieli wyja\u015bnie\u0144 poprzez Elektroniczn\u0105 Platform\u0119 Konkursow\u0105 niezw\u0142ocznie, jednak nie p\u00f3\u017aniej ni\u017c na 2 dni przed up\u0142ywem terminu sk\u0142adania wniosk\u00f3w o dopuszczenie do udzia\u0142u w\u00a0konkursie.<\/td><td>do dnia<strong> 07.06.2022<\/strong><\/td><\/tr><tr><td><strong>4.3.<\/strong><\/td><td><strong><u>WNIOSKI O DOPUSZCZENIE DO UDZIA\u0141U W KONKURSIE<\/u><\/strong><br>Ostateczny termin sk\u0142adania poprzez Elektroniczn\u0105 Platform\u0119 Konkursow\u0105 wniosk\u00f3w o dopuszczenie do udzia\u0142u w Konkursie oraz podmiotowych \u015brodk\u00f3w dowodowych, o\u015bwiadcze\u0144 i dokument\u00f3w na potwierdzenie spe\u0142nienia wymaga\u0144 okre\u015blonych przez Organizatora. \u00a0 <em>Organizator uzyska dost\u0119p do powy\u017cszych dokument\u00f3w elektronicznych dopiero po terminie ich z\u0142o\u017cenia.<\/em><\/td><td>do dnia<strong> 15.06.2022<\/strong> do godziny<strong> 12:00<\/strong><\/td><\/tr><tr><td><strong>4.4.<\/strong><\/td><td><strong><u>DOPUSZCZENIE DO UDZIA\u0141U W KONKURSIE<\/u><\/strong><br>Ostateczny termin poinformowania Uczestnik\u00f3w konkursu o\u00a0dopuszczeniu do udzia\u0142u w Konkursie oraz zaproszenie do sk\u0142adania opracowa\u0144 studialnych Etapu I lub powiadomienie o niedopuszczeniu do udzia\u0142u w Konkursie.<\/td><td>do dnia<strong> 08.07.2022<\/strong><\/td><\/tr><tr><td><strong>4.5.<\/strong><\/td><td><strong><u>WNIOSKI O WYJA\u015aNIENIE TRE\u015aCI REGULAMINU (TURA 2)<\/u><\/strong><br>Ostateczny termin sk\u0142adania poprzez Elektroniczn\u0105 Platform\u0119 Konkursow\u0105 wniosk\u00f3w o wyja\u015bnienie tre\u015bci Regulaminu konkursu dotycz\u0105cych w szczeg\u00f3lno\u015bci przygotowania i sk\u0142adania Opracowa\u0144 studialnych. \u00a0 Organizator udzieli wyja\u015bnie\u0144 poprzez Elektroniczn\u0105 Platform\u0119 Konkursow\u0105 niezw\u0142ocznie.<\/td><td>do dnia<strong> 29.08.2022<\/strong><\/td><\/tr><tr><td><strong>4.6.<\/strong><\/td><td><strong><u>OPRACOWANIA STUDILANE<\/u><\/strong><br>Ostateczny termin sk\u0142adania Opracowa\u0144 studialnych. \u00a0 Opracowania studialne w postaci elektronicznej nale\u017cy sk\u0142ada\u0107 poprzez Elektroniczn\u0105 Platform\u0119 Konkursow\u0105. <em>Organizator uzyska dost\u0119p do powy\u017cszych dokument\u00f3w elektronicznych dopiero po terminie ich z\u0142o\u017cenia<\/em>. \u00a0 Opracowania studialne w postaci papierowej nale\u017cy sk\u0142ada\u0107 na adres korespondencyjny wskazany w Rozdziale I pkt 1.2.<\/td><td>do dnia<strong> 05.09.2022<\/strong> do godziny 15:00<\/td><\/tr><tr><td><strong>4.7.<\/strong><\/td><td><strong><u>KWALIFIKACJA DO ETAPU II KONKURSU<\/u><\/strong> &nbsp; Ostateczny termin powiadomienia poprzez Elektroniczn\u0105 Platform\u0119 Konkursow\u0105 Uczestnik\u00f3w konkursu o kwalifikacji do Etapu II Konkursu oraz zaproszenia tych Uczestnik\u00f3w do sk\u0142adania Prac konkursowych.<\/td><td>do dnia <strong>26.09.2022<\/strong><\/td><\/tr><tr><td><strong>ETAP II KONKURSU<\/strong><\/td><\/tr><tr><td><strong>4.8.<\/strong><\/td><td><strong><u>WNIOSKI O WYJA\u015aNIENIE TRE\u015aCI REGULAMINU (TURA 3)<\/u><\/strong> &nbsp; Ostateczny termin sk\u0142adania poprzez Elektroniczn\u0105 Platform\u0119 Konkursow\u0105 wniosk\u00f3w o wyja\u015bnienie tre\u015bci Regulaminu konkursu dotycz\u0105cych w szczeg\u00f3lno\u015bci przygotowania i sk\u0142adania Prac konkursowych. <strong>&nbsp;<\/strong> Organizator udzieli wyja\u015bnie\u0144 poprzez Elektroniczn\u0105 Platform\u0119 Konkursow\u0105 niezw\u0142ocznie.<\/td><td>do dnia<strong> 22.11.2022<\/strong><\/td><\/tr><tr><td><strong>4.9.<\/strong><\/td><td><strong><u>PRACE KONKURSOWE<\/u><\/strong><br>Ostateczny termin sk\u0142adania Prac konkursowych. Prace konkursowe w postaci elektronicznej nale\u017cy sk\u0142ada\u0107 poprzez Elektroniczn\u0105 Platform\u0119 Konkursow\u0105. <em>Organizator uzyska dost\u0119p do powy\u017cszych dokument\u00f3w elektronicznych dopiero po terminie ich z\u0142o\u017cenia<\/em>. \u00a0 Prace konkursowe w postaci papierowej nale\u017cy sk\u0142ada\u0107 na adres korespondencyjny Organizatora wskazany w Rozdziale I pkt 1.<\/td><td>do dnia<strong> 29.11.2022 <\/strong> do godziny 15:00<\/td><\/tr><tr><td><strong>4.10.<\/strong><\/td><td><strong><u>OG\u0141OSZENIE WYNIK\u00d3W KONKURSU<\/u><\/strong><br>Og\u0142oszenie wynik\u00f3w Konkursu na Stronie internetowej konkursu oraz zawiadomienie poprzez Elektroniczn\u0105 Platform\u0119 Konkursow\u0105 Uczestnik\u00f3w konkursu o wynikach rozstrzygni\u0119cia konkursu. \u00a0 W przypadku, gdy Organizator b\u0119dzie organizowa\u0142 oficjalne, publiczne og\u0142oszenie wynik\u00f3w Konkursu, o miejscu i godzinie tego wydarzenia Uczestnicy konkursu zostan\u0105 powiadomieni odr\u0119bnie.<\/td><td>w dniu<strong> 16.12.2022<\/strong><\/td><\/tr><tr><td><strong>4.11.<\/strong><\/td><td><strong><u>WYSTAWA POKONKURSOWA <\/u><\/strong>*<br>* w zale\u017cno\u015bci od mo\u017cliwo\u015bci wynikaj\u0105cych z sytuacji pandemicznej.<\/td><td>O dacie wystawy Uczestnicy zostan\u0105 poinformowani odr\u0119bnie<\/td><\/tr><tr><td><strong>4.12.<\/strong><\/td><td><strong><u>DYSKUSJA POKONKURSOWA <\/u><\/strong>*<br>* w zale\u017cno\u015bci od mo\u017cliwo\u015bci wynikaj\u0105cych z sytuacji pandemicznej.<\/td><td>O dacie dyskusji Uczestnicy zostan\u0105 poinformowani odr\u0119bnie<\/td><\/tr><\/tbody><\/table><\/figure>\n","protected":false},"excerpt":{"rendered":"<p>ETAP I KONKUSU 4.1. OG\u0141OSZENIE KONKURSUOg\u0142oszenie o konkursie zosta\u0142o przekazane Urz\u0119dowi Publikacji Unii Europejskiej. 23.05.2022 4.2. WNIOSKI O WYJA\u015aNIENIE TRE\u015aCI REGULAMINU (TURA 1)Ostateczny termin sk\u0142adania poprzez Elektroniczn\u0105 Platform\u0119 Konkursow\u0105 wniosk\u00f3w o wyja\u015bnienie tre\u015bci Regulaminu konkursu dotycz\u0105cych w szczeg\u00f3lno\u015bci wniosk\u00f3w o<span class=\"ellipsis\">&hellip;<\/span><\/p>\n<div class=\"read-more\"><a href=\"https:\/\/konkurs-instytut-biologii.sarp.warszawa.pl\/?page_id=1151\">Czytaj wi\u0119cej <span class=\"screen-reader-text\">Harmonogram<\/span><span class=\"meta-nav\"> &#8250;<\/span><\/a><\/div>\n<p><!-- end of .read-more --><\/p>\n","protected":false},"author":1,"featured_media":0,"parent":0,"menu_order":0,"comment_status":"closed","ping_status":"closed","template":"","meta":{"footnotes":""},"class_list":["post-1151","page","type-page","status-publish","hentry"],"_links":{"self":[{"href":"https:\/\/konkurs-instytut-biologii.sarp.warszawa.pl\/index.php?rest_route=\/wp\/v2\/pages\/1151","targetHints":{"allow":["GET"]}}],"collection":[{"href":"https:\/\/konkurs-instytut-biologii.sarp.warszawa.pl\/index.php?rest_route=\/wp\/v2\/pages"}],"about":[{"href":"https:\/\/konkurs-instytut-biologii.sarp.warszawa.pl\/index.php?rest_route=\/wp\/v2\/types\/page"}],"author":[{"embeddable":true,"href":"https:\/\/konkurs-instytut-biologii.sarp.warszawa.pl\/index.php?rest_route=\/wp\/v2\/users\/1"}],"replies":[{"embeddable":true,"href":"https:\/\/konkurs-instytut-biologii.sarp.warszawa.pl\/index.php?rest_route=%2Fwp%2Fv2%2Fcomments&post=1151"}],"version-history":[{"count":3,"href":"https:\/\/konkurs-instytut-biologii.sarp.warszawa.pl\/index.php?rest_route=\/wp\/v2\/pages\/1151\/revisions"}],"predecessor-version":[{"id":1162,"href":"https:\/\/konkurs-instytut-biologii.sarp.warszawa.pl\/index.php?rest_route=\/wp\/v2\/pages\/1151\/revisions\/1162"}],"wp:attachment":[{"href":"https:\/\/konkurs-instytut-biologii.sarp.warszawa.pl\/index.php?rest_route=%2Fwp%2Fv2%2Fmedia&parent=1151"}],"curies":[{"name":"wp","href":"https:\/\/api.w.org\/{rel}","templated":true}]}}