{"id":1153,"date":"2022-05-24T10:29:57","date_gmt":"2022-05-24T08:29:57","guid":{"rendered":"https:\/\/konkurs-instytut-biologii.sarp.warszawa.pl\/?page_id=1153"},"modified":"2022-05-24T10:29:57","modified_gmt":"2022-05-24T08:29:57","slug":"sad-konkursowy","status":"publish","type":"page","link":"https:\/\/konkurs-instytut-biologii.sarp.warszawa.pl\/?page_id=1153","title":{"rendered":"S\u0105d Konkursowy"},"content":{"rendered":"\n<p>S\u0105d Konkursowy sk\u0142ada si\u0119 z 7 os\u00f3b.<\/p>\n\n\n\n<p>W sk\u0142ad S\u0105du Konkursowego wchodz\u0105:<\/p>\n\n\n\n<ol class=\"wp-block-list\"><li><strong>Przewodnicz\u0105cy:<br>arch. Karol Fiedor<\/strong><br>S\u0119dzia Konkursowy Stowarzyszenia Architekt\u00f3w Polskich (SARP) Oddzia\u0142 Pozna\u0144<\/li><li><strong>S\u0119dzia referent:<br>arch. Pawe\u0142 Czaplicki<\/strong><br>S\u0119dzia Konkursowy Stowarzyszenia Architekt\u00f3w Polskich (SARP) Oddzia\u0142 Warszawski<\/li><li><strong>Asystent S\u0119dziego referenta:<br>arch. Tomasz Saracen<\/strong><br>S\u0119dzia Konkursowy Stowarzyszenia Architekt\u00f3w Polskich (SARP) Oddzia\u0142 Warszawski<\/li><\/ol>\n\n\n\n<p>Cz\u0142onkowie:<\/p>\n\n\n\n<ol class=\"wp-block-list\" start=\"4\"><li>arch. Marci<strong>n Goncikowski<\/strong><br>S\u0119dzia Konkursowy Stowarzyszenia Architekt\u00f3w Polskich (SARP) Oddzia\u0142 Warszawski<\/li><li><strong>prof. dr hab. Jacek Ku\u017anicki<\/strong><br>S\u0119dzia ze strony Organizatora<\/li><li><strong>prof. dr hab. Marcin Nowotny<\/strong><br>S\u0119dzia ze strony Organizatora<\/li><li><strong>mgr. in\u017c. Anna Zolnik<\/strong><br>S\u0119dzia ze strony Organizatora<\/li><\/ol>\n\n\n\n<p>Funkcj\u0119 Sekretarza Konkursu pe\u0142ni:<br><strong>arch. kraj. Rafa\u0142 Mroczkowski<\/strong><br>Cz\u0142onek Stowarzyszenia Architekt\u00f3w Polskich (SARP) Oddzia\u0142 Warszawa.<\/p>\n\n\n\n<p>Funkcj\u0119 Asystenta Sekretarza Konkursu pe\u0142ni:<br><strong>arch. Agnieszka Lewandowska<\/strong><br>Cz\u0142onek Stowarzyszenia Architekt\u00f3w Polskich (SARP) Oddzia\u0142 Warszawa.<\/p>\n","protected":false},"excerpt":{"rendered":"<p>S\u0105d Konkursowy sk\u0142ada si\u0119 z 7 os\u00f3b. W sk\u0142ad S\u0105du Konkursowego wchodz\u0105: Przewodnicz\u0105cy:arch. Karol FiedorS\u0119dzia Konkursowy Stowarzyszenia Architekt\u00f3w Polskich (SARP) Oddzia\u0142 Pozna\u0144 S\u0119dzia referent:arch. Pawe\u0142 CzaplickiS\u0119dzia Konkursowy Stowarzyszenia Architekt\u00f3w Polskich (SARP) Oddzia\u0142 Warszawski Asystent S\u0119dziego referenta:arch. Tomasz SaracenS\u0119dzia Konkursowy Stowarzyszenia<span class=\"ellipsis\">&hellip;<\/span><\/p>\n<div class=\"read-more\"><a href=\"https:\/\/konkurs-instytut-biologii.sarp.warszawa.pl\/?page_id=1153\">Czytaj wi\u0119cej <span class=\"screen-reader-text\">S\u0105d Konkursowy<\/span><span class=\"meta-nav\"> &#8250;<\/span><\/a><\/div>\n<p><!-- end of .read-more --><\/p>\n","protected":false},"author":1,"featured_media":0,"parent":0,"menu_order":0,"comment_status":"closed","ping_status":"closed","template":"","meta":{"footnotes":""},"class_list":["post-1153","page","type-page","status-publish","hentry"],"_links":{"self":[{"href":"https:\/\/konkurs-instytut-biologii.sarp.warszawa.pl\/index.php?rest_route=\/wp\/v2\/pages\/1153","targetHints":{"allow":["GET"]}}],"collection":[{"href":"https:\/\/konkurs-instytut-biologii.sarp.warszawa.pl\/index.php?rest_route=\/wp\/v2\/pages"}],"about":[{"href":"https:\/\/konkurs-instytut-biologii.sarp.warszawa.pl\/index.php?rest_route=\/wp\/v2\/types\/page"}],"author":[{"embeddable":true,"href":"https:\/\/konkurs-instytut-biologii.sarp.warszawa.pl\/index.php?rest_route=\/wp\/v2\/users\/1"}],"replies":[{"embeddable":true,"href":"https:\/\/konkurs-instytut-biologii.sarp.warszawa.pl\/index.php?rest_route=%2Fwp%2Fv2%2Fcomments&post=1153"}],"version-history":[{"count":1,"href":"https:\/\/konkurs-instytut-biologii.sarp.warszawa.pl\/index.php?rest_route=\/wp\/v2\/pages\/1153\/revisions"}],"predecessor-version":[{"id":1154,"href":"https:\/\/konkurs-instytut-biologii.sarp.warszawa.pl\/index.php?rest_route=\/wp\/v2\/pages\/1153\/revisions\/1154"}],"wp:attachment":[{"href":"https:\/\/konkurs-instytut-biologii.sarp.warszawa.pl\/index.php?rest_route=%2Fwp%2Fv2%2Fmedia&parent=1153"}],"curies":[{"name":"wp","href":"https:\/\/api.w.org\/{rel}","templated":true}]}}