{"id":1155,"date":"2022-05-24T10:33:06","date_gmt":"2022-05-24T08:33:06","guid":{"rendered":"https:\/\/konkurs-instytut-biologii.sarp.warszawa.pl\/?page_id=1155"},"modified":"2022-05-24T10:33:06","modified_gmt":"2022-05-24T08:33:06","slug":"kryteria-oceny","status":"publish","type":"page","link":"https:\/\/konkurs-instytut-biologii.sarp.warszawa.pl\/?page_id=1155","title":{"rendered":"Kryteria oceny"},"content":{"rendered":"\n<p><strong>KRYTERIA OCENY OPRACOWA\u0143 STUDIALNYCH<\/strong><br>Opracowania studialne oceniane b\u0119d\u0105 wed\u0142ug nast\u0119puj\u0105cych r\u00f3wnowa\u017cnych w swojej kategorii kryteri\u00f3w:<\/p>\n\n\n\n<p><strong>a) Atrakcyjno\u015b\u0107 proponowanych rozwi\u0105za\u0144 architektonicznych i zagospodarowania,<br>b) Sprawno\u015b\u0107 funkcjonalno-u\u017cytkowa budynku w tym w szczeg\u00f3lno\u015bci przestrzeni przeznaczonych na laboratoria i pracownie,<br>c) Optymalizacja przestrzeni i programu pod k\u0105tem kosztu realizacji Inwestycji.<\/strong><\/p>\n\n\n\n<p><strong>KRYTERIA OCENY PRAC KONKURSOWYCH<br><\/strong>Prace konkursowe oceniane b\u0119d\u0105 wed\u0142ug nast\u0119puj\u0105cych r\u00f3wnowa\u017cnych w swojej kategorii kryteri\u00f3w:<\/p>\n\n\n\n<p><strong>a) Atrakcyjno\u015b\u0107 proponowanych rozwi\u0105za\u0144 architektonicznych i zagospodarowania,<br>b) Sprawno\u015b\u0107 funkcjonalno-u\u017cytkowa przestrzeni i pomieszcze\u0144 nowego budynku,<br>c) Poprawno\u015b\u0107 funkcjonalna i zastosowane technologie laboratori\u00f3w i pracowni specjalistycznych,<br>d) Zastosowanie rozwi\u0105za\u0144 proekologicznych i energooszcz\u0119dnych w nowym budynku i w zagospodarowaniu terenu,<br>e) Realno\u015b\u0107 i optymalizacja ekonomiczna przyj\u0119tych rozwi\u0105za\u0144 pod k\u0105tem bud\u017cetu Inwestycji.<br>f) Stopie\u0144 uwzgl\u0119dnienia w zaproponowanych rozwi\u0105zaniach koszt\u00f3w u\u017cytkowania i utrzymania.<\/strong><\/p>\n","protected":false},"excerpt":{"rendered":"<p>KRYTERIA OCENY OPRACOWA\u0143 STUDIALNYCHOpracowania studialne oceniane b\u0119d\u0105 wed\u0142ug nast\u0119puj\u0105cych r\u00f3wnowa\u017cnych w swojej kategorii kryteri\u00f3w: a) Atrakcyjno\u015b\u0107 proponowanych rozwi\u0105za\u0144 architektonicznych i zagospodarowania,b) Sprawno\u015b\u0107 funkcjonalno-u\u017cytkowa budynku w tym w szczeg\u00f3lno\u015bci przestrzeni przeznaczonych na laboratoria i pracownie,c) Optymalizacja przestrzeni i programu pod k\u0105tem<span class=\"ellipsis\">&hellip;<\/span><\/p>\n<div class=\"read-more\"><a href=\"https:\/\/konkurs-instytut-biologii.sarp.warszawa.pl\/?page_id=1155\">Czytaj wi\u0119cej <span class=\"screen-reader-text\">Kryteria oceny<\/span><span class=\"meta-nav\"> &#8250;<\/span><\/a><\/div>\n<p><!-- end of .read-more --><\/p>\n","protected":false},"author":1,"featured_media":0,"parent":0,"menu_order":0,"comment_status":"closed","ping_status":"closed","template":"","meta":{"footnotes":""},"class_list":["post-1155","page","type-page","status-publish","hentry"],"_links":{"self":[{"href":"https:\/\/konkurs-instytut-biologii.sarp.warszawa.pl\/index.php?rest_route=\/wp\/v2\/pages\/1155","targetHints":{"allow":["GET"]}}],"collection":[{"href":"https:\/\/konkurs-instytut-biologii.sarp.warszawa.pl\/index.php?rest_route=\/wp\/v2\/pages"}],"about":[{"href":"https:\/\/konkurs-instytut-biologii.sarp.warszawa.pl\/index.php?rest_route=\/wp\/v2\/types\/page"}],"author":[{"embeddable":true,"href":"https:\/\/konkurs-instytut-biologii.sarp.warszawa.pl\/index.php?rest_route=\/wp\/v2\/users\/1"}],"replies":[{"embeddable":true,"href":"https:\/\/konkurs-instytut-biologii.sarp.warszawa.pl\/index.php?rest_route=%2Fwp%2Fv2%2Fcomments&post=1155"}],"version-history":[{"count":1,"href":"https:\/\/konkurs-instytut-biologii.sarp.warszawa.pl\/index.php?rest_route=\/wp\/v2\/pages\/1155\/revisions"}],"predecessor-version":[{"id":1156,"href":"https:\/\/konkurs-instytut-biologii.sarp.warszawa.pl\/index.php?rest_route=\/wp\/v2\/pages\/1155\/revisions\/1156"}],"wp:attachment":[{"href":"https:\/\/konkurs-instytut-biologii.sarp.warszawa.pl\/index.php?rest_route=%2Fwp%2Fv2%2Fmedia&parent=1155"}],"curies":[{"name":"wp","href":"https:\/\/api.w.org\/{rel}","templated":true}]}}