{"id":1157,"date":"2022-05-24T10:33:51","date_gmt":"2022-05-24T08:33:51","guid":{"rendered":"https:\/\/konkurs-instytut-biologii.sarp.warszawa.pl\/?page_id=1157"},"modified":"2022-05-24T10:33:52","modified_gmt":"2022-05-24T08:33:52","slug":"nagrody","status":"publish","type":"page","link":"https:\/\/konkurs-instytut-biologii.sarp.warszawa.pl\/?page_id=1157","title":{"rendered":"Nagrody"},"content":{"rendered":"\n<p>Ca\u0142kowita kwota przeznaczona przez Organizatora na Nagrody pieni\u0119\u017cne i Nagrody pieni\u0119\u017cne w formie wyr\u00f3\u017cnie\u0144 wynosi nie mniej ni\u017c <strong>95 000 z\u0142 brutto<\/strong>.<\/p>\n\n\n\n<p>Organizator gwarantuje wyp\u0142at\u0119 ca\u0142ej puli Nagr\u00f3d okre\u015blonej w Regulaminie konkursu.<\/p>\n\n\n\n<p>W konkursie Organizator przewiduje przyznanie Nagr\u00f3d jak nast\u0119puje:<\/p>\n\n\n\n<ol class=\"wp-block-list\" type=\"1\"><li>Nagrody pieni\u0119\u017cne<\/li><\/ol>\n\n\n\n<p><strong><u>I NAGRODA<\/u><\/strong><\/p>\n\n\n\n<p><strong>&#8211; kwota pieni\u0119\u017cna w wysoko\u015bci 35&nbsp;000,00 z\u0142 brutto<\/strong><\/p>\n\n\n\n<p><strong><u>II NAGRODA<\/u><\/strong><\/p>\n\n\n\n<p><strong>&#8211; kwota pieni\u0119\u017cna w wysoko\u015bci 25&nbsp;000,00 z\u0142 brutto<\/strong><\/p>\n\n\n\n<p><strong><u>III NAGRODA<\/u><\/strong><\/p>\n\n\n\n<p><strong>&#8211; kwota pieni\u0119\u017cna w wysoko\u015bci 15&nbsp;000,00 z\u0142 brutto<\/strong><\/p>\n\n\n\n<p>Dwie Nagrody pieni\u0119\u017cne w formie wyr\u00f3\u017cnie\u0144, po <strong>10 000,00<\/strong> z\u0142 brutto dla ka\u017cdej wyr\u00f3\u017cnionej Pracy konkursowej<\/p>\n\n\n\n<ul class=\"wp-block-list\"><li>Nagroda w postaci zaproszenia do negocjacji w trybie zam\u00f3wienia z wolnej r\u0119ki<\/li><\/ul>\n\n\n\n<p>na wykonanie us\u0142ugi na podstawie wybranej pracy konkursowej dla Uczestnika konkursu, kt\u00f3rego praca konkursowa otrzyma\u0142y najwi\u0119ksz\u0105 liczb\u0119 punkt\u00f3w (I Nagroda pieni\u0119\u017cna).<\/p>\n\n\n\n<p>Propozycj\u0119 przyznania okre\u015blonych Nagr\u00f3d przygotowuje S\u0105d Konkursowy, a zatwierdza Kierownik Zamawiaj\u0105cego lub osoba przez niego upowa\u017cniona. Organizator zastrzega mo\u017cliwo\u015b\u0107 niewy\u0142onienia najlepszej Pracy lub nieprzyznania poszczeg\u00f3lnych Nagr\u00f3d, gdy zg\u0142oszone Prace nie b\u0119d\u0105 odpowiada\u0107 bezwzgl\u0119dnie wi\u0105\u017c\u0105cym wymaganiom Regulaminu Konkursu.<\/p>\n","protected":false},"excerpt":{"rendered":"<p>Ca\u0142kowita kwota przeznaczona przez Organizatora na Nagrody pieni\u0119\u017cne i Nagrody pieni\u0119\u017cne w formie wyr\u00f3\u017cnie\u0144 wynosi nie mniej ni\u017c 95 000 z\u0142 brutto. Organizator gwarantuje wyp\u0142at\u0119 ca\u0142ej puli Nagr\u00f3d okre\u015blonej w Regulaminie konkursu. W konkursie Organizator przewiduje przyznanie Nagr\u00f3d jak nast\u0119puje:<span class=\"ellipsis\">&hellip;<\/span><\/p>\n<div class=\"read-more\"><a href=\"https:\/\/konkurs-instytut-biologii.sarp.warszawa.pl\/?page_id=1157\">Czytaj wi\u0119cej <span class=\"screen-reader-text\">Nagrody<\/span><span class=\"meta-nav\"> &#8250;<\/span><\/a><\/div>\n<p><!-- end of .read-more --><\/p>\n","protected":false},"author":1,"featured_media":0,"parent":0,"menu_order":0,"comment_status":"closed","ping_status":"closed","template":"","meta":{"footnotes":""},"class_list":["post-1157","page","type-page","status-publish","hentry"],"_links":{"self":[{"href":"https:\/\/konkurs-instytut-biologii.sarp.warszawa.pl\/index.php?rest_route=\/wp\/v2\/pages\/1157","targetHints":{"allow":["GET"]}}],"collection":[{"href":"https:\/\/konkurs-instytut-biologii.sarp.warszawa.pl\/index.php?rest_route=\/wp\/v2\/pages"}],"about":[{"href":"https:\/\/konkurs-instytut-biologii.sarp.warszawa.pl\/index.php?rest_route=\/wp\/v2\/types\/page"}],"author":[{"embeddable":true,"href":"https:\/\/konkurs-instytut-biologii.sarp.warszawa.pl\/index.php?rest_route=\/wp\/v2\/users\/1"}],"replies":[{"embeddable":true,"href":"https:\/\/konkurs-instytut-biologii.sarp.warszawa.pl\/index.php?rest_route=%2Fwp%2Fv2%2Fcomments&post=1157"}],"version-history":[{"count":1,"href":"https:\/\/konkurs-instytut-biologii.sarp.warszawa.pl\/index.php?rest_route=\/wp\/v2\/pages\/1157\/revisions"}],"predecessor-version":[{"id":1158,"href":"https:\/\/konkurs-instytut-biologii.sarp.warszawa.pl\/index.php?rest_route=\/wp\/v2\/pages\/1157\/revisions\/1158"}],"wp:attachment":[{"href":"https:\/\/konkurs-instytut-biologii.sarp.warszawa.pl\/index.php?rest_route=%2Fwp%2Fv2%2Fmedia&parent=1157"}],"curies":[{"name":"wp","href":"https:\/\/api.w.org\/{rel}","templated":true}]}}